{"id":5167,"date":"2024-04-18T08:29:30","date_gmt":"2024-04-18T08:29:30","guid":{"rendered":"https:\/\/test.badsanierung-bajrami.de\/?page_id=5167"},"modified":"2024-06-08T17:05:33","modified_gmt":"2024-06-08T17:05:33","slug":"fliesen","status":"publish","type":"page","link":"https:\/\/badsanierung-bajrami.de\/index.php\/fliesen\/","title":{"rendered":"Fliesen"},"content":{"rendered":"\t\t<div data-elementor-type=\"wp-page\" data-elementor-id=\"5167\" class=\"elementor elementor-5167\" data-elementor-post-type=\"page\">\n\t\t\t\t\t\t<section class=\"elementor-section elementor-top-section elementor-element elementor-element-7b40885f elementor-section-stretched elementor-section-content-middle elementor-section-boxed elementor-section-height-default elementor-section-height-default\" data-id=\"7b40885f\" data-element_type=\"section\" data-settings=\"{&quot;stretch_section&quot;:&quot;section-stretched&quot;}\">\n\t\t\t\t\t\t<div class=\"elementor-container elementor-column-gap-wider\">\n\t\t\t\t\t<div class=\"elementor-column elementor-col-50 elementor-top-column elementor-element elementor-element-6a714704\" data-id=\"6a714704\" data-element_type=\"column\">\n\t\t\t<div class=\"elementor-widget-wrap elementor-element-populated\">\n\t\t\t\t\t\t<section class=\"elementor-section elementor-inner-section elementor-element elementor-element-23bb5111 elementor-section-boxed elementor-section-height-default elementor-section-height-default\" data-id=\"23bb5111\" data-element_type=\"section\">\n\t\t\t\t\t\t<div class=\"elementor-container elementor-column-gap-wider\">\n\t\t\t\t\t<div class=\"elementor-column elementor-col-100 elementor-inner-column elementor-element elementor-element-355c1172\" data-id=\"355c1172\" data-element_type=\"column\">\n\t\t\t<div class=\"elementor-widget-wrap elementor-element-populated\">\n\t\t\t\t\t\t<div class=\"elementor-element elementor-element-321ab69a elementor-widget elementor-widget-heading\" data-id=\"321ab69a\" data-element_type=\"widget\" data-widget_type=\"heading.default\">\n\t\t\t\t<div class=\"elementor-widget-container\">\n\t\t\t<h1 class=\"elementor-heading-title elementor-size-default\">Ihr Profi-Team f\u00fcr Bad-Umbau, Heizung, Sanit\u00e4r, Fliesen und Trockenbau<\/h1>\t\t<\/div>\n\t\t\t\t<\/div>\n\t\t\t\t<div class=\"elementor-element elementor-element-5c36efb1 elementor-widget elementor-widget-spacer\" data-id=\"5c36efb1\" data-element_type=\"widget\" data-widget_type=\"spacer.default\">\n\t\t\t\t<div class=\"elementor-widget-container\">\n\t\t\t\t\t<div class=\"elementor-spacer\">\n\t\t\t<div class=\"elementor-spacer-inner\"><\/div>\n\t\t<\/div>\n\t\t\t\t<\/div>\n\t\t\t\t<\/div>\n\t\t\t\t<div class=\"elementor-element elementor-element-482bdb54 elementor-widget elementor-widget-text-editor\" data-id=\"482bdb54\" data-element_type=\"widget\" data-widget_type=\"text-editor.default\">\n\t\t\t\t<div class=\"elementor-widget-container\">\n\t\t\t\t\t\t\t<p>Wir bieten professionelle Dienstleistungen f\u00fcr Wand- und Bodengestaltung mit Fliesen an. Wir liefern nicht nur \u00e4sthetisch ansprechende Ergebnisse, sondern auch langlebige und pflegeleichte Oberfl\u00e4chen. Vertrauen Sie auf unsere Expertise, um Ihre R\u00e4ume mit hochwertigen Fliesen zu versch\u00f6nern. Kontaktieren Sie uns jetzt f\u00fcr eine Beratung und ein unverbindliches Angebot.<\/p>\t\t\t\t\t\t<\/div>\n\t\t\t\t<\/div>\n\t\t\t\t\t<\/div>\n\t\t<\/div>\n\t\t\t\t\t<\/div>\n\t\t<\/section>\n\t\t\t\t\t<\/div>\n\t\t<\/div>\n\t\t\t\t<div class=\"elementor-column elementor-col-50 elementor-top-column elementor-element elementor-element-1d978f64\" data-id=\"1d978f64\" data-element_type=\"column\" data-settings=\"{&quot;background_background&quot;:&quot;classic&quot;}\">\n\t\t\t<div class=\"elementor-widget-wrap elementor-element-populated\">\n\t\t\t\t\t\t<div class=\"elementor-element elementor-element-1f215162 elementor-widget__width-auto elementor-widget elementor-widget-image\" data-id=\"1f215162\" data-element_type=\"widget\" data-widget_type=\"image.default\">\n\t\t\t\t<div class=\"elementor-widget-container\">\n\t\t\t\t\t\t\t\t\t\t\t\t\t<img decoding=\"async\" src=\"https:\/\/badsanierung-bajrami.de\/wp-content\/uploads\/elementor\/thumbs\/Badsanierung-Bajrami-Fliesen-Hero-1200-qpel9x54wmqzpae4976tbv03h1m7emx78epdvbfqqw.jpg\" title=\"Fliesen\" alt=\"Bad mit Trennwand und Fliesen in Steinoptik\" loading=\"lazy\" \/>\t\t\t\t\t\t\t\t\t\t\t\t\t<\/div>\n\t\t\t\t<\/div>\n\t\t\t\t<div class=\"elementor-element elementor-element-7b937bc8 elementor-widget__width-auto elementor-widget elementor-widget-image\" data-id=\"7b937bc8\" data-element_type=\"widget\" data-widget_type=\"image.default\">\n\t\t\t\t<div class=\"elementor-widget-container\">\n\t\t\t\t\t\t\t\t\t\t\t\t\t<img decoding=\"async\" src=\"https:\/\/badsanierung-bajrami.de\/wp-content\/uploads\/elementor\/thumbs\/Badsanierung-Bajrami-Badsanierung-Hero-2-1200-qpel9x54wmqzpae4976tbv03h1m7emx78epdvbfqqw.jpg\" title=\"Badsanierung-Bajrami-Badsanierung-Hero-2-1200\" alt=\"Badsanierung-Bajrami-Badsanierung-Hero-2-1200\" loading=\"lazy\" \/>\t\t\t\t\t\t\t\t\t\t\t\t\t<\/div>\n\t\t\t\t<\/div>\n\t\t\t\t\t<\/div>\n\t\t<\/div>\n\t\t\t\t\t<\/div>\n\t\t<\/section>\n\t\t<div class=\"elementor-element elementor-element-7926ae71 e-flex e-con-boxed e-con e-parent\" data-id=\"7926ae71\" data-element_type=\"container\">\n\t\t\t\t\t<div class=\"e-con-inner\">\n\t\t<div class=\"elementor-element elementor-element-4e20036f e-flex e-con-boxed e-con e-child\" data-id=\"4e20036f\" data-element_type=\"container\">\n\t\t\t\t\t<div class=\"e-con-inner\">\n\t\t\t\t<div class=\"elementor-element elementor-element-6069c13d elementor-widget elementor-widget-the7-heading\" data-id=\"6069c13d\" data-element_type=\"widget\" data-widget_type=\"the7-heading.default\">\n\t\t\t\t<div class=\"elementor-widget-container\">\n\t\t\t<h3 class=\"the7-heading-title elementor-size-default\">Fliesen \u2013 Wand- und Bodenbel\u00e4ge in Meisterqualit\u00e4t verlegt<\/h3>\t\t<\/div>\n\t\t\t\t<\/div>\n\t\t\t\t<div class=\"elementor-element elementor-element-33851db0 elementor-widget elementor-widget-text-editor\" data-id=\"33851db0\" data-element_type=\"widget\" data-widget_type=\"text-editor.default\">\n\t\t\t\t<div class=\"elementor-widget-container\">\n\t\t\t\t\t\t\t<p>Sie m\u00f6chten Ihren Wohnraum modernisieren oder einfach nur einen neuen Look f\u00fcr Ihr Zuhause \u2013 neue Fliesen f\u00fcr Wand- und Bodenbel\u00e4ge sind schon mit vergleichsweise geringem Aufwand eine kosteng\u00fcnstige Ma\u00dfnahme. Als erfahrene Fliesenleger renovieren wir Ihre R\u00e4ume mit hochwertigen Fliesen. Von zeitlosen Designs bis hin zu trendigen Mustern bieten wir ma\u00dfgeschneiderte L\u00f6sungen, die Ihren Wohnraum aufwerten und ihm einen frischen, zeitgem\u00e4\u00dfen Look verleihen. Vertrauen Sie auf unser Know-how und lassen Sie uns gemeinsam Ihre Wohntr\u00e4ume verwirklichen. Unsere Beratung ist f\u00fcr Sie kostenlos.<\/p>\t\t\t\t\t\t<\/div>\n\t\t\t\t<\/div>\n\t\t\t\t\t<\/div>\n\t\t\t\t<\/div>\n\t\t<div class=\"elementor-element elementor-element-24ad1a86 e-con-full e-flex e-con e-child\" data-id=\"24ad1a86\" data-element_type=\"container\">\n\t\t\t\t<div class=\"elementor-element elementor-element-41fabd46 elementor-widget elementor-widget-image\" data-id=\"41fabd46\" data-element_type=\"widget\" data-widget_type=\"image.default\">\n\t\t\t\t<div class=\"elementor-widget-container\">\n\t\t\t\t\t\t\t\t\t\t\t\t\t<img fetchpriority=\"high\" decoding=\"async\" width=\"780\" height=\"540\" src=\"https:\/\/badsanierung-bajrami.de\/wp-content\/uploads\/2024\/05\/Badsanierung-Bajrami-Fliesen-1-780.jpg\" class=\"attachment-full size-full wp-image-5362\" alt=\"Bad mit dunklen Fliesen und Wandfliesen in Betonoptik\" srcset=\"https:\/\/badsanierung-bajrami.de\/wp-content\/uploads\/2024\/05\/Badsanierung-Bajrami-Fliesen-1-780.jpg 780w, https:\/\/badsanierung-bajrami.de\/wp-content\/uploads\/2024\/05\/Badsanierung-Bajrami-Fliesen-1-780-300x208.jpg 300w, https:\/\/badsanierung-bajrami.de\/wp-content\/uploads\/2024\/05\/Badsanierung-Bajrami-Fliesen-1-780-768x532.jpg 768w\" sizes=\"(max-width: 780px) 100vw, 780px\" \/>\t\t\t\t\t\t\t\t\t\t\t\t\t<\/div>\n\t\t\t\t<\/div>\n\t\t\t\t<\/div>\n\t\t\t\t\t<\/div>\n\t\t\t\t<\/div>\n\t\t\t\t<section class=\"elementor-section elementor-top-section elementor-element elementor-element-4f7db910 elementor-section-stretched elementor-section-boxed elementor-section-height-default elementor-section-height-default\" data-id=\"4f7db910\" data-element_type=\"section\" data-settings=\"{&quot;stretch_section&quot;:&quot;section-stretched&quot;,&quot;background_background&quot;:&quot;classic&quot;}\">\n\t\t\t\t\t\t\t<div class=\"elementor-background-overlay\"><\/div>\n\t\t\t\t\t\t\t<div class=\"elementor-container elementor-column-gap-wider\">\n\t\t\t\t\t<div class=\"elementor-column elementor-col-100 elementor-top-column elementor-element elementor-element-161b8aa6\" data-id=\"161b8aa6\" data-element_type=\"column\" data-settings=\"{&quot;background_background&quot;:&quot;classic&quot;}\">\n\t\t\t<div class=\"elementor-widget-wrap elementor-element-populated\">\n\t\t\t\t\t\t<div class=\"elementor-element elementor-element-2c2c79ce elementor-widget__width-initial elementor-widget elementor-widget-heading\" data-id=\"2c2c79ce\" data-element_type=\"widget\" data-widget_type=\"heading.default\">\n\t\t\t\t<div class=\"elementor-widget-container\">\n\t\t\t<h2 class=\"elementor-heading-title elementor-size-default\">Wir erstellen ein pers\u00f6nliches Angebot. <\/h2>\t\t<\/div>\n\t\t\t\t<\/div>\n\t\t\t\t<div class=\"elementor-element elementor-element-33db7a71 elementor-widget elementor-widget-spacer\" data-id=\"33db7a71\" data-element_type=\"widget\" data-widget_type=\"spacer.default\">\n\t\t\t\t<div class=\"elementor-widget-container\">\n\t\t\t\t\t<div class=\"elementor-spacer\">\n\t\t\t<div class=\"elementor-spacer-inner\"><\/div>\n\t\t<\/div>\n\t\t\t\t<\/div>\n\t\t\t\t<\/div>\n\t\t\t\t<div class=\"elementor-element elementor-element-7fb883b3 elementor-align-center elementor-widget__width-auto elementor-widget-mobile__width-inherit elementor-widget elementor-widget-the7_button_widget\" data-id=\"7fb883b3\" data-element_type=\"widget\" data-widget_type=\"the7_button_widget.default\">\n\t\t\t\t<div class=\"elementor-widget-container\">\n\t\t\t<div class=\"elementor-button-wrapper\"><a href=\"https:\/\/badsanierung-bajrami.de\/index.php\/kontakt\/\" class=\"box-button elementor-button elementor-size-lg\">Kontaktieren Sie uns online<\/a><\/div>\t\t<\/div>\n\t\t\t\t<\/div>\n\t\t\t\t<div class=\"elementor-element elementor-element-4c8bcce2 elementor-align-center elementor-widget__width-auto elementor-widget-mobile__width-inherit elementor-widget elementor-widget-the7_button_widget\" data-id=\"4c8bcce2\" data-element_type=\"widget\" data-widget_type=\"the7_button_widget.default\">\n\t\t\t\t<div class=\"elementor-widget-container\">\n\t\t\t<div class=\"elementor-button-wrapper\"><a href=\"https:\/\/wa.me\/4917627745599\" class=\"box-button elementor-button elementor-size-lg\">0681 - 401 786 10<svg aria-hidden=\"true\" class=\"elementor-button-icon e-font-icon-svg e-fas-phone-alt\" viewBox=\"0 0 512 512\" xmlns=\"http:\/\/www.w3.org\/2000\/svg\"><path d=\"M497.39 361.8l-112-48a24 24 0 0 0-28 6.9l-49.6 60.6A370.66 370.66 0 0 1 130.6 204.11l60.6-49.6a23.94 23.94 0 0 0 6.9-28l-48-112A24.16 24.16 0 0 0 122.6.61l-104 24A24 24 0 0 0 0 48c0 256.5 207.9 464 464 464a24 24 0 0 0 23.4-18.6l24-104a24.29 24.29 0 0 0-14.01-27.6z\"><\/path><\/svg><\/a><\/div>\t\t<\/div>\n\t\t\t\t<\/div>\n\t\t\t\t\t<\/div>\n\t\t<\/div>\n\t\t\t\t\t<\/div>\n\t\t<\/section>\n\t\t\t\t<\/div>\n\t\t","protected":false},"excerpt":{"rendered":"<p>Ihr Profi-Team f\u00fcr Bad-Umbau, Heizung, Sanit\u00e4r, Fliesen und Trockenbau Wir bieten professionelle Dienstleistungen f\u00fcr Wand- und Bodengestaltung mit Fliesen an. Wir liefern nicht nur \u00e4sthetisch ansprechende Ergebnisse, sondern auch langlebige und pflegeleichte Oberfl\u00e4chen. Vertrauen Sie auf unsere Expertise, um Ihre R\u00e4ume mit hochwertigen Fliesen zu versch\u00f6nern. Kontaktieren Sie uns jetzt f\u00fcr eine Beratung und ein&hellip;<\/p>\n","protected":false},"author":1,"featured_media":0,"parent":0,"menu_order":0,"comment_status":"closed","ping_status":"closed","template":"","meta":{"footnotes":""},"class_list":["post-5167","page","type-page","status-publish","hentry"],"yoast_head":"<!-- This site is optimized with the Yoast SEO plugin v23.0 - https:\/\/yoast.com\/wordpress\/plugins\/seo\/ -->\n<title>Fliesen - Badsanierung Bajrami<\/title>\n<meta name=\"robots\" content=\"index, follow, max-snippet:-1, max-image-preview:large, max-video-preview:-1\" \/>\n<link rel=\"canonical\" href=\"https:\/\/badsanierung-bajrami.de\/index.php\/fliesen\/\" \/>\n<meta property=\"og:locale\" content=\"de_DE\" \/>\n<meta property=\"og:type\" content=\"article\" \/>\n<meta property=\"og:title\" content=\"Fliesen - Badsanierung Bajrami\" \/>\n<meta property=\"og:description\" content=\"Ihr Profi-Team f\u00fcr Bad-Umbau, Heizung, Sanit\u00e4r, Fliesen und Trockenbau Wir bieten professionelle Dienstleistungen f\u00fcr Wand- und Bodengestaltung mit Fliesen an. Wir liefern nicht nur \u00e4sthetisch ansprechende Ergebnisse, sondern auch langlebige und pflegeleichte Oberfl\u00e4chen. Vertrauen Sie auf unsere Expertise, um Ihre R\u00e4ume mit hochwertigen Fliesen zu versch\u00f6nern. Kontaktieren Sie uns jetzt f\u00fcr eine Beratung und ein&hellip;\" \/>\n<meta property=\"og:url\" content=\"https:\/\/badsanierung-bajrami.de\/index.php\/fliesen\/\" \/>\n<meta property=\"og:site_name\" content=\"Badsanierung Bajrami\" \/>\n<meta property=\"article:publisher\" content=\"https:\/\/www.facebook.com\/profile.php?id=100063684435600\" \/>\n<meta property=\"article:modified_time\" content=\"2024-06-08T17:05:33+00:00\" \/>\n<meta property=\"og:image\" content=\"https:\/\/test.badsanierung-bajrami.de\/wp-content\/uploads\/elementor\/thumbs\/Badsanierung-Bajrami-Fliesen-Hero-1200-qnq1mx14dpc60y3bfwm2f8hzflhjqbcxcsvlid8tgo.jpg\" \/>\n<meta name=\"twitter:card\" content=\"summary_large_image\" \/>\n<meta name=\"twitter:label1\" content=\"Gesch\u00e4tzte Lesezeit\" \/>\n\t<meta name=\"twitter:data1\" content=\"2 Minuten\" \/>\n<script type=\"application\/ld+json\" class=\"yoast-schema-graph\">{\"@context\":\"https:\/\/schema.org\",\"@graph\":[{\"@type\":\"WebPage\",\"@id\":\"https:\/\/badsanierung-bajrami.de\/index.php\/fliesen\/\",\"url\":\"https:\/\/badsanierung-bajrami.de\/index.php\/fliesen\/\",\"name\":\"Fliesen - Badsanierung Bajrami\",\"isPartOf\":{\"@id\":\"https:\/\/badsanierung-bajrami.de\/#website\"},\"primaryImageOfPage\":{\"@id\":\"https:\/\/badsanierung-bajrami.de\/index.php\/fliesen\/#primaryimage\"},\"image\":{\"@id\":\"https:\/\/badsanierung-bajrami.de\/index.php\/fliesen\/#primaryimage\"},\"thumbnailUrl\":\"https:\/\/test.badsanierung-bajrami.de\/wp-content\/uploads\/elementor\/thumbs\/Badsanierung-Bajrami-Fliesen-Hero-1200-qnq1mx14dpc60y3bfwm2f8hzflhjqbcxcsvlid8tgo.jpg\",\"datePublished\":\"2024-04-18T08:29:30+00:00\",\"dateModified\":\"2024-06-08T17:05:33+00:00\",\"breadcrumb\":{\"@id\":\"https:\/\/badsanierung-bajrami.de\/index.php\/fliesen\/#breadcrumb\"},\"inLanguage\":\"de-DE\",\"potentialAction\":[{\"@type\":\"ReadAction\",\"target\":[\"https:\/\/badsanierung-bajrami.de\/index.php\/fliesen\/\"]}]},{\"@type\":\"ImageObject\",\"inLanguage\":\"de-DE\",\"@id\":\"https:\/\/badsanierung-bajrami.de\/index.php\/fliesen\/#primaryimage\",\"url\":\"https:\/\/test.badsanierung-bajrami.de\/wp-content\/uploads\/elementor\/thumbs\/Badsanierung-Bajrami-Fliesen-Hero-1200-qnq1mx14dpc60y3bfwm2f8hzflhjqbcxcsvlid8tgo.jpg\",\"contentUrl\":\"https:\/\/test.badsanierung-bajrami.de\/wp-content\/uploads\/elementor\/thumbs\/Badsanierung-Bajrami-Fliesen-Hero-1200-qnq1mx14dpc60y3bfwm2f8hzflhjqbcxcsvlid8tgo.jpg\"},{\"@type\":\"BreadcrumbList\",\"@id\":\"https:\/\/badsanierung-bajrami.de\/index.php\/fliesen\/#breadcrumb\",\"itemListElement\":[{\"@type\":\"ListItem\",\"position\":1,\"name\":\"Startseite\",\"item\":\"https:\/\/badsanierung-bajrami.de\/\"},{\"@type\":\"ListItem\",\"position\":2,\"name\":\"Fliesen\"}]},{\"@type\":\"WebSite\",\"@id\":\"https:\/\/badsanierung-bajrami.de\/#website\",\"url\":\"https:\/\/badsanierung-bajrami.de\/\",\"name\":\"Badsanierung Bajrami\",\"description\":\"\",\"publisher\":{\"@id\":\"https:\/\/badsanierung-bajrami.de\/#organization\"},\"potentialAction\":[{\"@type\":\"SearchAction\",\"target\":{\"@type\":\"EntryPoint\",\"urlTemplate\":\"https:\/\/badsanierung-bajrami.de\/?s={search_term_string}\"},\"query-input\":\"required name=search_term_string\"}],\"inLanguage\":\"de-DE\"},{\"@type\":\"Organization\",\"@id\":\"https:\/\/badsanierung-bajrami.de\/#organization\",\"name\":\"Badsanierung Bajrami\",\"url\":\"https:\/\/badsanierung-bajrami.de\/\",\"logo\":{\"@type\":\"ImageObject\",\"inLanguage\":\"de-DE\",\"@id\":\"https:\/\/badsanierung-bajrami.de\/#\/schema\/logo\/image\/\",\"url\":\"https:\/\/badsanierung-bajrami.de\/wp-content\/uploads\/2024\/03\/logo_400.png\",\"contentUrl\":\"https:\/\/badsanierung-bajrami.de\/wp-content\/uploads\/2024\/03\/logo_400.png\",\"width\":400,\"height\":90,\"caption\":\"Badsanierung Bajrami\"},\"image\":{\"@id\":\"https:\/\/badsanierung-bajrami.de\/#\/schema\/logo\/image\/\"},\"sameAs\":[\"https:\/\/www.facebook.com\/profile.php?id=100063684435600\",\"https:\/\/www.instagram.com\/badsanierung.bajrami\/\"]}]}<\/script>\n<!-- \/ Yoast SEO plugin. -->","yoast_head_json":{"title":"Fliesen - Badsanierung Bajrami","robots":{"index":"index","follow":"follow","max-snippet":"max-snippet:-1","max-image-preview":"max-image-preview:large","max-video-preview":"max-video-preview:-1"},"canonical":"https:\/\/badsanierung-bajrami.de\/index.php\/fliesen\/","og_locale":"de_DE","og_type":"article","og_title":"Fliesen - Badsanierung Bajrami","og_description":"Ihr Profi-Team f\u00fcr Bad-Umbau, Heizung, Sanit\u00e4r, Fliesen und Trockenbau Wir bieten professionelle Dienstleistungen f\u00fcr Wand- und Bodengestaltung mit Fliesen an. Wir liefern nicht nur \u00e4sthetisch ansprechende Ergebnisse, sondern auch langlebige und pflegeleichte Oberfl\u00e4chen. Vertrauen Sie auf unsere Expertise, um Ihre R\u00e4ume mit hochwertigen Fliesen zu versch\u00f6nern. Kontaktieren Sie uns jetzt f\u00fcr eine Beratung und ein&hellip;","og_url":"https:\/\/badsanierung-bajrami.de\/index.php\/fliesen\/","og_site_name":"Badsanierung Bajrami","article_publisher":"https:\/\/www.facebook.com\/profile.php?id=100063684435600","article_modified_time":"2024-06-08T17:05:33+00:00","og_image":[{"url":"https:\/\/test.badsanierung-bajrami.de\/wp-content\/uploads\/elementor\/thumbs\/Badsanierung-Bajrami-Fliesen-Hero-1200-qnq1mx14dpc60y3bfwm2f8hzflhjqbcxcsvlid8tgo.jpg"}],"twitter_card":"summary_large_image","twitter_misc":{"Gesch\u00e4tzte Lesezeit":"2 Minuten"},"schema":{"@context":"https:\/\/schema.org","@graph":[{"@type":"WebPage","@id":"https:\/\/badsanierung-bajrami.de\/index.php\/fliesen\/","url":"https:\/\/badsanierung-bajrami.de\/index.php\/fliesen\/","name":"Fliesen - Badsanierung Bajrami","isPartOf":{"@id":"https:\/\/badsanierung-bajrami.de\/#website"},"primaryImageOfPage":{"@id":"https:\/\/badsanierung-bajrami.de\/index.php\/fliesen\/#primaryimage"},"image":{"@id":"https:\/\/badsanierung-bajrami.de\/index.php\/fliesen\/#primaryimage"},"thumbnailUrl":"https:\/\/test.badsanierung-bajrami.de\/wp-content\/uploads\/elementor\/thumbs\/Badsanierung-Bajrami-Fliesen-Hero-1200-qnq1mx14dpc60y3bfwm2f8hzflhjqbcxcsvlid8tgo.jpg","datePublished":"2024-04-18T08:29:30+00:00","dateModified":"2024-06-08T17:05:33+00:00","breadcrumb":{"@id":"https:\/\/badsanierung-bajrami.de\/index.php\/fliesen\/#breadcrumb"},"inLanguage":"de-DE","potentialAction":[{"@type":"ReadAction","target":["https:\/\/badsanierung-bajrami.de\/index.php\/fliesen\/"]}]},{"@type":"ImageObject","inLanguage":"de-DE","@id":"https:\/\/badsanierung-bajrami.de\/index.php\/fliesen\/#primaryimage","url":"https:\/\/test.badsanierung-bajrami.de\/wp-content\/uploads\/elementor\/thumbs\/Badsanierung-Bajrami-Fliesen-Hero-1200-qnq1mx14dpc60y3bfwm2f8hzflhjqbcxcsvlid8tgo.jpg","contentUrl":"https:\/\/test.badsanierung-bajrami.de\/wp-content\/uploads\/elementor\/thumbs\/Badsanierung-Bajrami-Fliesen-Hero-1200-qnq1mx14dpc60y3bfwm2f8hzflhjqbcxcsvlid8tgo.jpg"},{"@type":"BreadcrumbList","@id":"https:\/\/badsanierung-bajrami.de\/index.php\/fliesen\/#breadcrumb","itemListElement":[{"@type":"ListItem","position":1,"name":"Startseite","item":"https:\/\/badsanierung-bajrami.de\/"},{"@type":"ListItem","position":2,"name":"Fliesen"}]},{"@type":"WebSite","@id":"https:\/\/badsanierung-bajrami.de\/#website","url":"https:\/\/badsanierung-bajrami.de\/","name":"Badsanierung Bajrami","description":"","publisher":{"@id":"https:\/\/badsanierung-bajrami.de\/#organization"},"potentialAction":[{"@type":"SearchAction","target":{"@type":"EntryPoint","urlTemplate":"https:\/\/badsanierung-bajrami.de\/?s={search_term_string}"},"query-input":"required name=search_term_string"}],"inLanguage":"de-DE"},{"@type":"Organization","@id":"https:\/\/badsanierung-bajrami.de\/#organization","name":"Badsanierung Bajrami","url":"https:\/\/badsanierung-bajrami.de\/","logo":{"@type":"ImageObject","inLanguage":"de-DE","@id":"https:\/\/badsanierung-bajrami.de\/#\/schema\/logo\/image\/","url":"https:\/\/badsanierung-bajrami.de\/wp-content\/uploads\/2024\/03\/logo_400.png","contentUrl":"https:\/\/badsanierung-bajrami.de\/wp-content\/uploads\/2024\/03\/logo_400.png","width":400,"height":90,"caption":"Badsanierung Bajrami"},"image":{"@id":"https:\/\/badsanierung-bajrami.de\/#\/schema\/logo\/image\/"},"sameAs":["https:\/\/www.facebook.com\/profile.php?id=100063684435600","https:\/\/www.instagram.com\/badsanierung.bajrami\/"]}]}},"_links":{"self":[{"href":"https:\/\/badsanierung-bajrami.de\/index.php\/wp-json\/wp\/v2\/pages\/5167"}],"collection":[{"href":"https:\/\/badsanierung-bajrami.de\/index.php\/wp-json\/wp\/v2\/pages"}],"about":[{"href":"https:\/\/badsanierung-bajrami.de\/index.php\/wp-json\/wp\/v2\/types\/page"}],"author":[{"embeddable":true,"href":"https:\/\/badsanierung-bajrami.de\/index.php\/wp-json\/wp\/v2\/users\/1"}],"replies":[{"embeddable":true,"href":"https:\/\/badsanierung-bajrami.de\/index.php\/wp-json\/wp\/v2\/comments?post=5167"}],"version-history":[{"count":47,"href":"https:\/\/badsanierung-bajrami.de\/index.php\/wp-json\/wp\/v2\/pages\/5167\/revisions"}],"predecessor-version":[{"id":5624,"href":"https:\/\/badsanierung-bajrami.de\/index.php\/wp-json\/wp\/v2\/pages\/5167\/revisions\/5624"}],"wp:attachment":[{"href":"https:\/\/badsanierung-bajrami.de\/index.php\/wp-json\/wp\/v2\/media?parent=5167"}],"curies":[{"name":"wp","href":"https:\/\/api.w.org\/{rel}","templated":true}]}}