{"id":5131,"date":"2024-04-02T15:46:15","date_gmt":"2024-04-02T15:46:15","guid":{"rendered":"https:\/\/test.badsanierung-bajrami.de\/?page_id=5131"},"modified":"2024-06-08T17:04:37","modified_gmt":"2024-06-08T17:04:37","slug":"heizung","status":"publish","type":"page","link":"https:\/\/badsanierung-bajrami.de\/index.php\/heizung\/","title":{"rendered":"Heizung &#038; Sanit\u00e4r"},"content":{"rendered":"\t\t<div data-elementor-type=\"wp-page\" data-elementor-id=\"5131\" class=\"elementor elementor-5131\" data-elementor-post-type=\"page\">\n\t\t\t\t\t\t<section class=\"elementor-section elementor-top-section elementor-element elementor-element-24b2ff49 elementor-section-stretched elementor-section-content-middle elementor-section-boxed elementor-section-height-default elementor-section-height-default\" data-id=\"24b2ff49\" data-element_type=\"section\" data-settings=\"{&quot;stretch_section&quot;:&quot;section-stretched&quot;}\">\n\t\t\t\t\t\t<div class=\"elementor-container elementor-column-gap-wider\">\n\t\t\t\t\t<div class=\"elementor-column elementor-col-50 elementor-top-column elementor-element elementor-element-5e3b617d\" data-id=\"5e3b617d\" data-element_type=\"column\">\n\t\t\t<div class=\"elementor-widget-wrap elementor-element-populated\">\n\t\t\t\t\t\t<section class=\"elementor-section elementor-inner-section elementor-element elementor-element-1b7acbb9 elementor-section-boxed elementor-section-height-default elementor-section-height-default\" data-id=\"1b7acbb9\" data-element_type=\"section\">\n\t\t\t\t\t\t<div class=\"elementor-container elementor-column-gap-wider\">\n\t\t\t\t\t<div class=\"elementor-column elementor-col-100 elementor-inner-column elementor-element elementor-element-611096d0\" data-id=\"611096d0\" data-element_type=\"column\">\n\t\t\t<div class=\"elementor-widget-wrap elementor-element-populated\">\n\t\t\t\t\t\t<div class=\"elementor-element elementor-element-18967353 elementor-widget elementor-widget-heading\" data-id=\"18967353\" data-element_type=\"widget\" data-widget_type=\"heading.default\">\n\t\t\t\t<div class=\"elementor-widget-container\">\n\t\t\t<h1 class=\"elementor-heading-title elementor-size-default\">Experten f\u00fcr Komfort und Funktionalit\u00e4t<\/h1>\t\t<\/div>\n\t\t\t\t<\/div>\n\t\t\t\t<div class=\"elementor-element elementor-element-52277842 elementor-widget elementor-widget-spacer\" data-id=\"52277842\" data-element_type=\"widget\" data-widget_type=\"spacer.default\">\n\t\t\t\t<div class=\"elementor-widget-container\">\n\t\t\t\t\t<div class=\"elementor-spacer\">\n\t\t\t<div class=\"elementor-spacer-inner\"><\/div>\n\t\t<\/div>\n\t\t\t\t<\/div>\n\t\t\t\t<\/div>\n\t\t\t\t<div class=\"elementor-element elementor-element-4ee56438 elementor-widget elementor-widget-text-editor\" data-id=\"4ee56438\" data-element_type=\"widget\" data-widget_type=\"text-editor.default\">\n\t\t\t\t<div class=\"elementor-widget-container\">\n\t\t\t\t\t\t\t<p>Entdecken Sie unsere umfassenden Dienstleistungen und L\u00f6sungen f\u00fcr Heizung &amp; Sanit\u00e4r. Von der Installation bis zur Wartung Ihrer Heizanlagen bieten wir professionelle Dienstleistungen f\u00fcr Ihr Zuhause an.<\/p>\t\t\t\t\t\t<\/div>\n\t\t\t\t<\/div>\n\t\t\t\t\t<\/div>\n\t\t<\/div>\n\t\t\t\t\t<\/div>\n\t\t<\/section>\n\t\t\t\t\t<\/div>\n\t\t<\/div>\n\t\t\t\t<div class=\"elementor-column elementor-col-50 elementor-top-column elementor-element elementor-element-15a30b48\" data-id=\"15a30b48\" data-element_type=\"column\" data-settings=\"{&quot;background_background&quot;:&quot;classic&quot;}\">\n\t\t\t<div class=\"elementor-widget-wrap elementor-element-populated\">\n\t\t\t\t\t\t<div class=\"elementor-element elementor-element-239ef62 elementor-widget__width-auto elementor-widget elementor-widget-image\" data-id=\"239ef62\" data-element_type=\"widget\" data-widget_type=\"image.default\">\n\t\t\t\t<div class=\"elementor-widget-container\">\n\t\t\t\t\t\t\t\t\t\t\t\t\t<img decoding=\"async\" src=\"https:\/\/badsanierung-bajrami.de\/wp-content\/uploads\/elementor\/thumbs\/Badsanierung-Bajrami-Heizung-Sanitaer-Hero-1-1200-qpel9x54wmqzpae4976tbv03h1m7emx78epdvbfqqw.jpg\" title=\"Heizung &#038; Sanit\u00e4r\" alt=\"Modernes Bad mit gro\u00dfen Fliesen und erdigen Farbt\u00f6nen\" loading=\"lazy\" \/>\t\t\t\t\t\t\t\t\t\t\t\t\t<\/div>\n\t\t\t\t<\/div>\n\t\t\t\t<div class=\"elementor-element elementor-element-7bc5814 elementor-widget__width-auto elementor-widget elementor-widget-image\" data-id=\"7bc5814\" data-element_type=\"widget\" data-widget_type=\"image.default\">\n\t\t\t\t<div class=\"elementor-widget-container\">\n\t\t\t\t\t\t\t\t\t\t\t\t\t<img decoding=\"async\" src=\"https:\/\/badsanierung-bajrami.de\/wp-content\/uploads\/elementor\/thumbs\/Badsanierung-Bajrami-Heizung-Hero-2-1200-1-qpel9x54wmqzpae4976tbv03h1m7emx78epdvbfqqw.jpg\" title=\"\" alt=\"\" loading=\"lazy\" \/>\t\t\t\t\t\t\t\t\t\t\t\t\t<\/div>\n\t\t\t\t<\/div>\n\t\t\t\t\t<\/div>\n\t\t<\/div>\n\t\t\t\t\t<\/div>\n\t\t<\/section>\n\t\t<div class=\"elementor-element elementor-element-6e52a1a9 e-flex e-con-boxed e-con e-parent\" data-id=\"6e52a1a9\" data-element_type=\"container\">\n\t\t\t\t\t<div class=\"e-con-inner\">\n\t\t<div class=\"elementor-element elementor-element-1dfa1e05 e-con-full e-flex e-con e-child\" data-id=\"1dfa1e05\" data-element_type=\"container\">\n\t\t\t\t<div class=\"elementor-element elementor-element-4455e853 elementor-widget elementor-widget-image\" data-id=\"4455e853\" data-element_type=\"widget\" data-widget_type=\"image.default\">\n\t\t\t\t<div class=\"elementor-widget-container\">\n\t\t\t\t\t\t\t\t\t\t\t\t\t<img fetchpriority=\"high\" decoding=\"async\" width=\"780\" height=\"540\" src=\"https:\/\/badsanierung-bajrami.de\/wp-content\/uploads\/2024\/03\/Badsanierung-Bajrami-Ueber-uns-780.jpg\" class=\"attachment-full size-full wp-image-5034\" alt=\"Badezimmer mit grauen Fliesen und Fenster\" srcset=\"https:\/\/badsanierung-bajrami.de\/wp-content\/uploads\/2024\/03\/Badsanierung-Bajrami-Ueber-uns-780.jpg 780w, https:\/\/badsanierung-bajrami.de\/wp-content\/uploads\/2024\/03\/Badsanierung-Bajrami-Ueber-uns-780-300x208.jpg 300w, https:\/\/badsanierung-bajrami.de\/wp-content\/uploads\/2024\/03\/Badsanierung-Bajrami-Ueber-uns-780-768x532.jpg 768w\" sizes=\"(max-width: 780px) 100vw, 780px\" \/>\t\t\t\t\t\t\t\t\t\t\t\t\t<\/div>\n\t\t\t\t<\/div>\n\t\t\t\t<\/div>\n\t\t<div class=\"elementor-element elementor-element-035e230 e-con-full e-flex e-con e-child\" data-id=\"035e230\" data-element_type=\"container\">\n\t\t<div class=\"elementor-element elementor-element-217dd33a e-flex e-con-boxed e-con e-child\" data-id=\"217dd33a\" data-element_type=\"container\">\n\t\t\t\t\t<div class=\"e-con-inner\">\n\t\t\t\t<div class=\"elementor-element elementor-element-26e913af elementor-widget elementor-widget-the7-heading\" data-id=\"26e913af\" data-element_type=\"widget\" data-widget_type=\"the7-heading.default\">\n\t\t\t\t<div class=\"elementor-widget-container\">\n\t\t\t<h3 class=\"the7-heading-title elementor-size-default\">Heizung \u2013 F\u00fcr ein warmes Zuhause<\/h3>\t\t<\/div>\n\t\t\t\t<\/div>\n\t\t\t\t<div class=\"elementor-element elementor-element-6b2aaf69 elementor-widget elementor-widget-text-editor\" data-id=\"6b2aaf69\" data-element_type=\"widget\" data-widget_type=\"text-editor.default\">\n\t\t\t\t<div class=\"elementor-widget-container\">\n\t\t\t\t\t\t\t<p>Wir sind Ihr zuverl\u00e4ssiger Partner f\u00fcr fachm\u00e4nnische Arbeiten in Meisterqualit\u00e4t im Bereich Heizung und Sanit\u00e4r.<\/p><p>Mit unserer langj\u00e4hrigen Erfahrung und unserem kompetenten Team bieten wir Ihnen professionelle L\u00f6sungen von der Installation bis zur Wartung. Vertrauen Sie auf unsere Expertise f\u00fcr ein warmes Zuhause. Wir sorgen daf\u00fcr, dass Ihr Zuhause den hohen Anspr\u00fcchen in Sachen W\u00e4rme und Geborgenheit entspricht.<\/p><p>Wir sorgen f\u00fcr eine fachgerechte Installation und Wartung Ihrer Heizanlage. Ob Gas- oder \u00d6lheizung, W\u00e4rmepumpe oder Fu\u00dfbodenheizung \u2013 wir bieten Ihnen passende L\u00f6sungen f\u00fcr Ihr Zuhause. Als Meisterbetrieb sorgen wir daf\u00fcr, dass Ihre Heizanlage effizient und zuverl\u00e4ssig arbeitet, um Ihnen langfristigen Komfort und Sicherheit zu bieten.<\/p>\t\t\t\t\t\t<\/div>\n\t\t\t\t<\/div>\n\t\t<div class=\"elementor-element elementor-element-4c3f27a9 e-con-full e-flex e-con e-child\" data-id=\"4c3f27a9\" data-element_type=\"container\">\n\t\t\t\t<div class=\"elementor-element elementor-element-45ba2b8d elementor-widget elementor-widget-the7-heading\" data-id=\"45ba2b8d\" data-element_type=\"widget\" data-widget_type=\"the7-heading.default\">\n\t\t\t\t<div class=\"elementor-widget-container\">\n\t\t\t<h3 class=\"the7-heading-title elementor-size-default\">Sanit\u00e4r \u2013 Wir verwirklichen Ihr neues Bad<\/h3>\t\t<\/div>\n\t\t\t\t<\/div>\n\t\t\t\t<div class=\"elementor-element elementor-element-2c123e18 elementor-widget elementor-widget-text-editor\" data-id=\"2c123e18\" data-element_type=\"widget\" data-widget_type=\"text-editor.default\">\n\t\t\t\t<div class=\"elementor-widget-container\">\n\t\t\t\t\t\t\t<p>Sie m\u00f6chten ein neues, modernen Bad? Wir machen es m\u00f6glich. Wir bieten umfassende Sanit\u00e4rdienstleistungen, um Ihr Bad in einen Ort der Entspannung und des Wohlbefindens zu verwandeln. Von der Planung bis zur Fertigstellung k\u00fcmmern wir uns um jeden Schritt, um sicherzustellen, dass Ihr Traumbad Realit\u00e4t wird. Mit hochwertigen Materialien, kreativen Designs und pr\u00e4zisem Handwerk schaffen wir R\u00e4ume, die Ihren individuellen Stil widerspiegeln. Kontaktieren Sie uns noch heute und lassen Sie uns gemeinsam Ihr neues Bad gestalten!<\/p>\t\t\t\t\t\t<\/div>\n\t\t\t\t<\/div>\n\t\t\t\t<\/div>\n\t\t\t\t\t<\/div>\n\t\t\t\t<\/div>\n\t\t\t\t<\/div>\n\t\t\t\t\t<\/div>\n\t\t\t\t<\/div>\n\t\t<div class=\"elementor-element elementor-element-2790c58 e-flex e-con-boxed e-con e-parent\" data-id=\"2790c58\" data-element_type=\"container\">\n\t\t\t\t\t<div class=\"e-con-inner\">\n\t\t<div class=\"elementor-element elementor-element-e4b6060 e-flex e-con-boxed e-con e-child\" data-id=\"e4b6060\" data-element_type=\"container\">\n\t\t\t\t\t<div class=\"e-con-inner\">\n\t\t\t\t<div class=\"elementor-element elementor-element-0507d8f elementor-widget__width-initial elementor-widget-tablet__width-inherit elementor-widget-mobile__width-inherit elementor-widget elementor-widget-text-editor\" data-id=\"0507d8f\" data-element_type=\"widget\" data-widget_type=\"text-editor.default\">\n\t\t\t\t<div class=\"elementor-widget-container\">\n\t\t\t\t\t\t\t<h3 style=\"text-align: center;\">Moderne Heizung mit einer Badsanierung<\/h3><p style=\"text-align: center;\">Auch bei Ihrer Badsanierung k\u00f6nnen wir die Integration einer modernen Heiztechnologie ber\u00fccksichtigen. Wir beraten Sie gerne.<\/p>\t\t\t\t\t\t<\/div>\n\t\t\t\t<\/div>\n\t\t<div class=\"elementor-element elementor-element-180e567 e-flex e-con-boxed e-con e-child\" data-id=\"180e567\" data-element_type=\"container\">\n\t\t\t\t\t<div class=\"e-con-inner\">\n\t\t\t\t<div class=\"elementor-element elementor-element-b0cff84 elementor-widget elementor-widget-the7_button_widget\" data-id=\"b0cff84\" data-element_type=\"widget\" data-widget_type=\"the7_button_widget.default\">\n\t\t\t\t<div class=\"elementor-widget-container\">\n\t\t\t<div class=\"elementor-button-wrapper\"><a href=\"https:\/\/badsanierung-bajrami.de\/index.php\/badsanierung\/\" class=\"box-button elementor-button elementor-size-lg\">Mehr erfahren<\/a><\/div>\t\t<\/div>\n\t\t\t\t<\/div>\n\t\t\t\t\t<\/div>\n\t\t\t\t<\/div>\n\t\t\t\t\t<\/div>\n\t\t\t\t<\/div>\n\t\t\t\t\t<\/div>\n\t\t\t\t<\/div>\n\t\t\t\t<section class=\"elementor-section elementor-top-section elementor-element elementor-element-27eeea68 elementor-section-stretched elementor-section-boxed elementor-section-height-default elementor-section-height-default\" data-id=\"27eeea68\" data-element_type=\"section\" data-settings=\"{&quot;stretch_section&quot;:&quot;section-stretched&quot;,&quot;background_background&quot;:&quot;classic&quot;}\">\n\t\t\t\t\t\t\t<div class=\"elementor-background-overlay\"><\/div>\n\t\t\t\t\t\t\t<div class=\"elementor-container elementor-column-gap-wider\">\n\t\t\t\t\t<div class=\"elementor-column elementor-col-100 elementor-top-column elementor-element elementor-element-7237e580\" data-id=\"7237e580\" data-element_type=\"column\" data-settings=\"{&quot;background_background&quot;:&quot;classic&quot;}\">\n\t\t\t<div class=\"elementor-widget-wrap elementor-element-populated\">\n\t\t\t\t\t\t<div class=\"elementor-element elementor-element-28480d31 elementor-widget__width-initial elementor-widget elementor-widget-heading\" data-id=\"28480d31\" data-element_type=\"widget\" data-widget_type=\"heading.default\">\n\t\t\t\t<div class=\"elementor-widget-container\">\n\t\t\t<h2 class=\"elementor-heading-title elementor-size-default\">Wir setzen Ihr Projekt f\u00fcr Sie um.<\/h2>\t\t<\/div>\n\t\t\t\t<\/div>\n\t\t\t\t<div class=\"elementor-element elementor-element-5f49ab48 elementor-widget elementor-widget-spacer\" data-id=\"5f49ab48\" data-element_type=\"widget\" data-widget_type=\"spacer.default\">\n\t\t\t\t<div class=\"elementor-widget-container\">\n\t\t\t\t\t<div class=\"elementor-spacer\">\n\t\t\t<div class=\"elementor-spacer-inner\"><\/div>\n\t\t<\/div>\n\t\t\t\t<\/div>\n\t\t\t\t<\/div>\n\t\t\t\t<div class=\"elementor-element elementor-element-62b759df elementor-align-center elementor-widget__width-auto elementor-widget-mobile__width-inherit elementor-widget elementor-widget-the7_button_widget\" data-id=\"62b759df\" data-element_type=\"widget\" data-widget_type=\"the7_button_widget.default\">\n\t\t\t\t<div class=\"elementor-widget-container\">\n\t\t\t<div class=\"elementor-button-wrapper\"><a href=\"https:\/\/test.badsanierung-bajrami.de\/contact\/\" class=\"box-button elementor-button elementor-size-lg\">Kontaktieren Sie uns online<\/a><\/div>\t\t<\/div>\n\t\t\t\t<\/div>\n\t\t\t\t<div class=\"elementor-element elementor-element-3a77ce7a elementor-align-center elementor-widget__width-auto elementor-widget-mobile__width-inherit elementor-widget elementor-widget-the7_button_widget\" data-id=\"3a77ce7a\" data-element_type=\"widget\" data-widget_type=\"the7_button_widget.default\">\n\t\t\t\t<div class=\"elementor-widget-container\">\n\t\t\t<div class=\"elementor-button-wrapper\"><a href=\"https:\/\/wa.me\/4917627745599\" class=\"box-button elementor-button elementor-size-lg\">\t 0681 - 401 786 10<svg aria-hidden=\"true\" class=\"elementor-button-icon e-font-icon-svg e-fas-phone-alt\" viewBox=\"0 0 512 512\" xmlns=\"http:\/\/www.w3.org\/2000\/svg\"><path d=\"M497.39 361.8l-112-48a24 24 0 0 0-28 6.9l-49.6 60.6A370.66 370.66 0 0 1 130.6 204.11l60.6-49.6a23.94 23.94 0 0 0 6.9-28l-48-112A24.16 24.16 0 0 0 122.6.61l-104 24A24 24 0 0 0 0 48c0 256.5 207.9 464 464 464a24 24 0 0 0 23.4-18.6l24-104a24.29 24.29 0 0 0-14.01-27.6z\"><\/path><\/svg><\/a><\/div>\t\t<\/div>\n\t\t\t\t<\/div>\n\t\t\t\t\t<\/div>\n\t\t<\/div>\n\t\t\t\t\t<\/div>\n\t\t<\/section>\n\t\t\t\t<\/div>\n\t\t","protected":false},"excerpt":{"rendered":"<p>Experten f\u00fcr Komfort und Funktionalit\u00e4t Entdecken Sie unsere umfassenden Dienstleistungen und L\u00f6sungen f\u00fcr Heizung &amp; Sanit\u00e4r. Von der Installation bis zur Wartung Ihrer Heizanlagen bieten wir professionelle Dienstleistungen f\u00fcr Ihr Zuhause an. Heizung \u2013 F\u00fcr ein warmes Zuhause Wir sind Ihr zuverl\u00e4ssiger Partner f\u00fcr fachm\u00e4nnische Arbeiten in Meisterqualit\u00e4t im Bereich Heizung und Sanit\u00e4r. Mit unserer&hellip;<\/p>\n","protected":false},"author":1,"featured_media":0,"parent":0,"menu_order":0,"comment_status":"closed","ping_status":"closed","template":"","meta":{"footnotes":""},"class_list":["post-5131","page","type-page","status-publish","hentry"],"yoast_head":"<!-- This site is optimized with the Yoast SEO plugin v23.0 - https:\/\/yoast.com\/wordpress\/plugins\/seo\/ -->\n<title>Heizung &amp; Sanit\u00e4r - Badsanierung Bajrami<\/title>\n<meta name=\"robots\" content=\"index, follow, max-snippet:-1, max-image-preview:large, max-video-preview:-1\" \/>\n<link rel=\"canonical\" href=\"https:\/\/badsanierung-bajrami.de\/index.php\/heizung\/\" \/>\n<meta property=\"og:locale\" content=\"de_DE\" \/>\n<meta property=\"og:type\" content=\"article\" \/>\n<meta property=\"og:title\" content=\"Heizung &amp; Sanit\u00e4r - Badsanierung Bajrami\" \/>\n<meta property=\"og:description\" content=\"Experten f\u00fcr Komfort und Funktionalit\u00e4t Entdecken Sie unsere umfassenden Dienstleistungen und L\u00f6sungen f\u00fcr Heizung &amp; Sanit\u00e4r. Von der Installation bis zur Wartung Ihrer Heizanlagen bieten wir professionelle Dienstleistungen f\u00fcr Ihr Zuhause an. Heizung \u2013 F\u00fcr ein warmes Zuhause Wir sind Ihr zuverl\u00e4ssiger Partner f\u00fcr fachm\u00e4nnische Arbeiten in Meisterqualit\u00e4t im Bereich Heizung und Sanit\u00e4r. Mit unserer&hellip;\" \/>\n<meta property=\"og:url\" content=\"https:\/\/badsanierung-bajrami.de\/index.php\/heizung\/\" \/>\n<meta property=\"og:site_name\" content=\"Badsanierung Bajrami\" \/>\n<meta property=\"article:publisher\" content=\"https:\/\/www.facebook.com\/profile.php?id=100063684435600\" \/>\n<meta property=\"article:modified_time\" content=\"2024-06-08T17:04:37+00:00\" \/>\n<meta property=\"og:image\" content=\"https:\/\/test.badsanierung-bajrami.de\/wp-content\/uploads\/elementor\/thumbs\/Badsanierung-Bajrami-Heizung-Sanitaer-Hero-1-1200-qn8mtv7v2thgsh34hje86y4juzqxzwo8m67lr4o4dk.jpg\" \/>\n<meta name=\"twitter:card\" content=\"summary_large_image\" \/>\n<meta name=\"twitter:label1\" content=\"Gesch\u00e4tzte Lesezeit\" \/>\n\t<meta name=\"twitter:data1\" content=\"2 Minuten\" \/>\n<script type=\"application\/ld+json\" class=\"yoast-schema-graph\">{\"@context\":\"https:\/\/schema.org\",\"@graph\":[{\"@type\":\"WebPage\",\"@id\":\"https:\/\/badsanierung-bajrami.de\/index.php\/heizung\/\",\"url\":\"https:\/\/badsanierung-bajrami.de\/index.php\/heizung\/\",\"name\":\"Heizung & Sanit\u00e4r - Badsanierung Bajrami\",\"isPartOf\":{\"@id\":\"https:\/\/badsanierung-bajrami.de\/#website\"},\"primaryImageOfPage\":{\"@id\":\"https:\/\/badsanierung-bajrami.de\/index.php\/heizung\/#primaryimage\"},\"image\":{\"@id\":\"https:\/\/badsanierung-bajrami.de\/index.php\/heizung\/#primaryimage\"},\"thumbnailUrl\":\"https:\/\/test.badsanierung-bajrami.de\/wp-content\/uploads\/elementor\/thumbs\/Badsanierung-Bajrami-Heizung-Sanitaer-Hero-1-1200-qn8mtv7v2thgsh34hje86y4juzqxzwo8m67lr4o4dk.jpg\",\"datePublished\":\"2024-04-02T15:46:15+00:00\",\"dateModified\":\"2024-06-08T17:04:37+00:00\",\"breadcrumb\":{\"@id\":\"https:\/\/badsanierung-bajrami.de\/index.php\/heizung\/#breadcrumb\"},\"inLanguage\":\"de-DE\",\"potentialAction\":[{\"@type\":\"ReadAction\",\"target\":[\"https:\/\/badsanierung-bajrami.de\/index.php\/heizung\/\"]}]},{\"@type\":\"ImageObject\",\"inLanguage\":\"de-DE\",\"@id\":\"https:\/\/badsanierung-bajrami.de\/index.php\/heizung\/#primaryimage\",\"url\":\"https:\/\/test.badsanierung-bajrami.de\/wp-content\/uploads\/elementor\/thumbs\/Badsanierung-Bajrami-Heizung-Sanitaer-Hero-1-1200-qn8mtv7v2thgsh34hje86y4juzqxzwo8m67lr4o4dk.jpg\",\"contentUrl\":\"https:\/\/test.badsanierung-bajrami.de\/wp-content\/uploads\/elementor\/thumbs\/Badsanierung-Bajrami-Heizung-Sanitaer-Hero-1-1200-qn8mtv7v2thgsh34hje86y4juzqxzwo8m67lr4o4dk.jpg\"},{\"@type\":\"BreadcrumbList\",\"@id\":\"https:\/\/badsanierung-bajrami.de\/index.php\/heizung\/#breadcrumb\",\"itemListElement\":[{\"@type\":\"ListItem\",\"position\":1,\"name\":\"Startseite\",\"item\":\"https:\/\/badsanierung-bajrami.de\/\"},{\"@type\":\"ListItem\",\"position\":2,\"name\":\"Heizung &#038; Sanit\u00e4r\"}]},{\"@type\":\"WebSite\",\"@id\":\"https:\/\/badsanierung-bajrami.de\/#website\",\"url\":\"https:\/\/badsanierung-bajrami.de\/\",\"name\":\"Badsanierung Bajrami\",\"description\":\"\",\"publisher\":{\"@id\":\"https:\/\/badsanierung-bajrami.de\/#organization\"},\"potentialAction\":[{\"@type\":\"SearchAction\",\"target\":{\"@type\":\"EntryPoint\",\"urlTemplate\":\"https:\/\/badsanierung-bajrami.de\/?s={search_term_string}\"},\"query-input\":\"required name=search_term_string\"}],\"inLanguage\":\"de-DE\"},{\"@type\":\"Organization\",\"@id\":\"https:\/\/badsanierung-bajrami.de\/#organization\",\"name\":\"Badsanierung Bajrami\",\"url\":\"https:\/\/badsanierung-bajrami.de\/\",\"logo\":{\"@type\":\"ImageObject\",\"inLanguage\":\"de-DE\",\"@id\":\"https:\/\/badsanierung-bajrami.de\/#\/schema\/logo\/image\/\",\"url\":\"https:\/\/badsanierung-bajrami.de\/wp-content\/uploads\/2024\/03\/logo_400.png\",\"contentUrl\":\"https:\/\/badsanierung-bajrami.de\/wp-content\/uploads\/2024\/03\/logo_400.png\",\"width\":400,\"height\":90,\"caption\":\"Badsanierung Bajrami\"},\"image\":{\"@id\":\"https:\/\/badsanierung-bajrami.de\/#\/schema\/logo\/image\/\"},\"sameAs\":[\"https:\/\/www.facebook.com\/profile.php?id=100063684435600\",\"https:\/\/www.instagram.com\/badsanierung.bajrami\/\"]}]}<\/script>\n<!-- \/ Yoast SEO plugin. -->","yoast_head_json":{"title":"Heizung & Sanit\u00e4r - Badsanierung Bajrami","robots":{"index":"index","follow":"follow","max-snippet":"max-snippet:-1","max-image-preview":"max-image-preview:large","max-video-preview":"max-video-preview:-1"},"canonical":"https:\/\/badsanierung-bajrami.de\/index.php\/heizung\/","og_locale":"de_DE","og_type":"article","og_title":"Heizung & Sanit\u00e4r - Badsanierung Bajrami","og_description":"Experten f\u00fcr Komfort und Funktionalit\u00e4t Entdecken Sie unsere umfassenden Dienstleistungen und L\u00f6sungen f\u00fcr Heizung &amp; Sanit\u00e4r. Von der Installation bis zur Wartung Ihrer Heizanlagen bieten wir professionelle Dienstleistungen f\u00fcr Ihr Zuhause an. Heizung \u2013 F\u00fcr ein warmes Zuhause Wir sind Ihr zuverl\u00e4ssiger Partner f\u00fcr fachm\u00e4nnische Arbeiten in Meisterqualit\u00e4t im Bereich Heizung und Sanit\u00e4r. Mit unserer&hellip;","og_url":"https:\/\/badsanierung-bajrami.de\/index.php\/heizung\/","og_site_name":"Badsanierung Bajrami","article_publisher":"https:\/\/www.facebook.com\/profile.php?id=100063684435600","article_modified_time":"2024-06-08T17:04:37+00:00","og_image":[{"url":"https:\/\/test.badsanierung-bajrami.de\/wp-content\/uploads\/elementor\/thumbs\/Badsanierung-Bajrami-Heizung-Sanitaer-Hero-1-1200-qn8mtv7v2thgsh34hje86y4juzqxzwo8m67lr4o4dk.jpg"}],"twitter_card":"summary_large_image","twitter_misc":{"Gesch\u00e4tzte Lesezeit":"2 Minuten"},"schema":{"@context":"https:\/\/schema.org","@graph":[{"@type":"WebPage","@id":"https:\/\/badsanierung-bajrami.de\/index.php\/heizung\/","url":"https:\/\/badsanierung-bajrami.de\/index.php\/heizung\/","name":"Heizung & Sanit\u00e4r - Badsanierung Bajrami","isPartOf":{"@id":"https:\/\/badsanierung-bajrami.de\/#website"},"primaryImageOfPage":{"@id":"https:\/\/badsanierung-bajrami.de\/index.php\/heizung\/#primaryimage"},"image":{"@id":"https:\/\/badsanierung-bajrami.de\/index.php\/heizung\/#primaryimage"},"thumbnailUrl":"https:\/\/test.badsanierung-bajrami.de\/wp-content\/uploads\/elementor\/thumbs\/Badsanierung-Bajrami-Heizung-Sanitaer-Hero-1-1200-qn8mtv7v2thgsh34hje86y4juzqxzwo8m67lr4o4dk.jpg","datePublished":"2024-04-02T15:46:15+00:00","dateModified":"2024-06-08T17:04:37+00:00","breadcrumb":{"@id":"https:\/\/badsanierung-bajrami.de\/index.php\/heizung\/#breadcrumb"},"inLanguage":"de-DE","potentialAction":[{"@type":"ReadAction","target":["https:\/\/badsanierung-bajrami.de\/index.php\/heizung\/"]}]},{"@type":"ImageObject","inLanguage":"de-DE","@id":"https:\/\/badsanierung-bajrami.de\/index.php\/heizung\/#primaryimage","url":"https:\/\/test.badsanierung-bajrami.de\/wp-content\/uploads\/elementor\/thumbs\/Badsanierung-Bajrami-Heizung-Sanitaer-Hero-1-1200-qn8mtv7v2thgsh34hje86y4juzqxzwo8m67lr4o4dk.jpg","contentUrl":"https:\/\/test.badsanierung-bajrami.de\/wp-content\/uploads\/elementor\/thumbs\/Badsanierung-Bajrami-Heizung-Sanitaer-Hero-1-1200-qn8mtv7v2thgsh34hje86y4juzqxzwo8m67lr4o4dk.jpg"},{"@type":"BreadcrumbList","@id":"https:\/\/badsanierung-bajrami.de\/index.php\/heizung\/#breadcrumb","itemListElement":[{"@type":"ListItem","position":1,"name":"Startseite","item":"https:\/\/badsanierung-bajrami.de\/"},{"@type":"ListItem","position":2,"name":"Heizung &#038; Sanit\u00e4r"}]},{"@type":"WebSite","@id":"https:\/\/badsanierung-bajrami.de\/#website","url":"https:\/\/badsanierung-bajrami.de\/","name":"Badsanierung Bajrami","description":"","publisher":{"@id":"https:\/\/badsanierung-bajrami.de\/#organization"},"potentialAction":[{"@type":"SearchAction","target":{"@type":"EntryPoint","urlTemplate":"https:\/\/badsanierung-bajrami.de\/?s={search_term_string}"},"query-input":"required name=search_term_string"}],"inLanguage":"de-DE"},{"@type":"Organization","@id":"https:\/\/badsanierung-bajrami.de\/#organization","name":"Badsanierung Bajrami","url":"https:\/\/badsanierung-bajrami.de\/","logo":{"@type":"ImageObject","inLanguage":"de-DE","@id":"https:\/\/badsanierung-bajrami.de\/#\/schema\/logo\/image\/","url":"https:\/\/badsanierung-bajrami.de\/wp-content\/uploads\/2024\/03\/logo_400.png","contentUrl":"https:\/\/badsanierung-bajrami.de\/wp-content\/uploads\/2024\/03\/logo_400.png","width":400,"height":90,"caption":"Badsanierung Bajrami"},"image":{"@id":"https:\/\/badsanierung-bajrami.de\/#\/schema\/logo\/image\/"},"sameAs":["https:\/\/www.facebook.com\/profile.php?id=100063684435600","https:\/\/www.instagram.com\/badsanierung.bajrami\/"]}]}},"_links":{"self":[{"href":"https:\/\/badsanierung-bajrami.de\/index.php\/wp-json\/wp\/v2\/pages\/5131"}],"collection":[{"href":"https:\/\/badsanierung-bajrami.de\/index.php\/wp-json\/wp\/v2\/pages"}],"about":[{"href":"https:\/\/badsanierung-bajrami.de\/index.php\/wp-json\/wp\/v2\/types\/page"}],"author":[{"embeddable":true,"href":"https:\/\/badsanierung-bajrami.de\/index.php\/wp-json\/wp\/v2\/users\/1"}],"replies":[{"embeddable":true,"href":"https:\/\/badsanierung-bajrami.de\/index.php\/wp-json\/wp\/v2\/comments?post=5131"}],"version-history":[{"count":87,"href":"https:\/\/badsanierung-bajrami.de\/index.php\/wp-json\/wp\/v2\/pages\/5131\/revisions"}],"predecessor-version":[{"id":5621,"href":"https:\/\/badsanierung-bajrami.de\/index.php\/wp-json\/wp\/v2\/pages\/5131\/revisions\/5621"}],"wp:attachment":[{"href":"https:\/\/badsanierung-bajrami.de\/index.php\/wp-json\/wp\/v2\/media?parent=5131"}],"curies":[{"name":"wp","href":"https:\/\/api.w.org\/{rel}","templated":true}]}}